{"id":3,"date":"2024-05-06T18:18:33","date_gmt":"2024-05-06T16:18:33","guid":{"rendered":"https:\/\/alides.foreman.studio\/?page_id=3"},"modified":"2024-07-03T09:17:11","modified_gmt":"2024-07-03T07:17:11","slug":"polityka-prywatnosci","status":"publish","type":"page","link":"https:\/\/alides.pl\/en\/polityka-prywatnosci\/","title":{"rendered":"Polityka prywatno\u015bci"},"content":{"rendered":"<p>Niniejsza polityka prywatno\u015bci dotyczy us\u0142ug \u015bwiadczonych przez ALIDES REIM NV, z siedzib\u0105 pod adresem Foreestelaan 86\/201, 9000 Gent, numer przedsi\u0119biorstwa BE0478.405.285, reprezentowan\u0105 prawnie przez bv Real Value Management, reprezentowan\u0105 przez pana Rikkerta Leemana, CEO i Przewodnicz\u0105cego Komitetu Zarz\u0105dzaj\u0105cego, oraz przez bv HLSC, reprezentowan\u0105 przez pana Henka Cardona, CFO i Cz\u0142onka Komitetu Zarz\u0105dzaj\u0105cego (\u201eALIDES\u201d).<\/p>\n\n\n\n<p>ALIDES REIM dzia\u0142a jako administrator danych osobowych dla wszystkich danych osobowych, kt\u00f3re sama lub jedna z jej powi\u0105zanych lub stowarzyszonych firm zbiera i przetwarza. Nasi pracownicy i wsp\u00f3\u0142pracownicy zaanga\u017cowani w zbieranie i przetwarzanie danych osobowych dzia\u0142aj\u0105 zgodnie z niniejsz\u0105 polityk\u0105 prywatno\u015bci.<\/p>\n\n\n\n<p>ALIDES to zesp\u00f3\u0142 zaanga\u017cowanych specjalist\u00f3w ds. nieruchomo\u015bci, kt\u00f3rzy koncentruj\u0105 si\u0119 przede wszystkim na doradztwie klientom. W naszych dzia\u0142aniach centralne miejsce zajmuj\u0105 zaufanie, integralno\u015b\u0107 i d\u0142ugoterminowe zaanga\u017cowanie.<\/p>\n\n\n\n<p>W Alides k\u0142adziemy du\u017cy nacisk na wewn\u0119trzne kompetencje. Dysponujemy zespo\u0142em wewn\u0119trznych specjalist\u00f3w, kt\u00f3rzy s\u0105 gotowi pom\u00f3c. Dynamiczny charakter i uczciwe podej\u015bcie, kt\u00f3re cechuj\u0105 nasze rodzinne przedsi\u0119biorstwo od 1892 roku, czyni\u0105 nas wiarygodnym partnerem, kt\u00f3ry z zespo\u0142em zaanga\u017cowanych pracownik\u00f3w i udokumentowanym portfolio tworzy \u015brodowiska, z kt\u00f3rych jeste\u015bmy dumni.<\/p>\n\n\n\n<p>Korzystaj\u0105c z us\u0142ug ALIDES, potwierdzasz, \u017ce zapozna\u0142e\u015b si\u0119 z niniejsz\u0105 polityk\u0105 prywatno\u015bci i akceptujesz zbieranie i przetwarzanie swoich danych osobowych w spos\u00f3b opisany w niniejszym dokumencie. Niniejsza polityka prywatno\u015bci opisuje dzia\u0142anie us\u0142ug \u015bwiadczonych przez ALIDES, a w szczeg\u00f3lno\u015bci to, w jaki spos\u00f3b ALIDES zbiera, wykorzystuje, chroni i udost\u0119pnia dane.<\/p>\n\n\n\n<p>Dane osobowe, kt\u00f3re nam przekazujesz, b\u0119d\u0105 wykorzystywane wy\u0142\u0105cznie w celach lub w zakresie, na kt\u00f3re wyrazi\u0142e\u015b zgod\u0119. ALIDES przestrzega europejskiego Rozporz\u0105dzenia 2016\/679 z dnia 27 kwietnia 2016 roku dotycz\u0105cego ochrony danych osobowych oraz belgijskiej Ustawy Ramowej z dnia 30 lipca 2018 roku dotycz\u0105cej ochrony os\u00f3b fizycznych w zwi\u0105zku z przetwarzaniem danych osobowych.<\/p>\n\n\n\n<p>Jakie dane? <\/p>\n\n\n\n<p>Dane osobowe to wszelkie informacje dotycz\u0105ce zidentyfikowanej lub mo\u017cliwej do zidentyfikowania osoby fizycznej (dalej \u201ePodmiot danych\u201d). Za mo\u017cliw\u0105 do zidentyfikowania uwa\u017ca si\u0119 osob\u0119 fizyczn\u0105, kt\u00f3r\u0105 mo\u017cna zidentyfikowa\u0107 bezpo\u015brednio lub po\u015brednio. Dotyczy to mi\u0119dzy innymi kandydat\u00f3w do pracy, pracownik\u00f3w, potencjalnych klient\u00f3w, klient\u00f3w (zar\u00f3wno kupuj\u0105cych, jak i wynajmuj\u0105cych), dostawc\u00f3w itp.<\/p>\n\n\n\n<p>Zbieramy dane osobowe za po\u015brednictwem r\u00f3\u017cnych kana\u0142\u00f3w:<\/p>\n\n\n\n<p>2.1. Informacje, kt\u00f3re otrzymujemy bezpo\u015brednio od Podmiotu danych podczas kontaktu z ALIDES za po\u015brednictwem e-maila, telefonu, naszej strony internetowej lub formularza kontaktowego, za po\u015brednictwem oprogramowania lub podczas rejestracji do naszego newslettera.<\/p>\n\n\n\n<p>Dotyczy to nast\u0119puj\u0105cych informacji:<\/p>\n\n\n\n<p>Imi\u0119 i nazwisko Adres e-mail Adres Numer telefonu Dane finansowe Firma, w imieniu kt\u00f3rej mo\u017cesz sk\u0142ada\u0107 wniosek Preferowany j\u0119zyk komunikacji z ALIDES Twoje dane b\u0119d\u0105 przechowywane w naszej bazie danych w celu ewentualnej wsp\u00f3\u0142pracy, zatrudnienia lub \u015bwiadczenia us\u0142ug.<\/p>\n\n\n\n<p>Mo\u017cemy czasami prosi\u0107 o dodatkowe informacje. W takim przypadku informacje te b\u0119d\u0105 zawsze ograniczone i proporcjonalne do tego, co jest \u015bci\u015ble niezb\u0119dne do realizacji wymaganej us\u0142ugi.<\/p>\n\n\n\n<p>2.2. Informacje, kt\u00f3re zbieramy z og\u00f3lnie dost\u0119pnych \u017ar\u00f3de\u0142<\/p>\n\n\n\n<p>Informacje, kt\u00f3re znajdziemy w og\u00f3lnie dost\u0119pnych \u017ar\u00f3d\u0142ach (takich jak LinkedIn, strona internetowa firmy, w imieniu kt\u00f3rej sk\u0142adany jest wniosek, itp.), mog\u0105 by\u0107 \u0142\u0105czone z informacjami przekazanymi nam przez Podmiot danych.<\/p>\n\n\n\n<p>2.3. Informacje, kt\u00f3re zbieramy za po\u015brednictwem plik\u00f3w cookie<\/p>\n\n\n\n<p>Podczas odwiedzania naszej strony internetowej zbieramy dane takie jak adres IP, odwiedzane strony, preferowany j\u0119zyk itp. Informacje te zbieramy za pomoc\u0105 plik\u00f3w cookie. Prosimy o zapoznanie si\u0119 z nasz\u0105 polityk\u0105 dotycz\u0105c\u0105 plik\u00f3w cookie na stronie <a href=\"http:\/\/www.alides.be\/cookies\">www.alides.be\/cookies<\/a>, aby dowiedzie\u0107 si\u0119, jakich plik\u00f3w cookie u\u017cywamy oraz jak je zaakceptowa\u0107, ustawi\u0107 swoje preferencje lub odm\u00f3wi\u0107.<\/p>\n\n\n\n<p>Do czego s\u0105 wykorzystywane dane? <\/p>\n\n\n\n<p>ALIDES zbiera i przetwarza dane osobowe w celu realizacji poni\u017cszych cel\u00f3w. Twoje dane nie b\u0119d\u0105 wykorzystywane do innych cel\u00f3w bez wcze\u015bniejszego powiadomienia i, je\u015bli to konieczne, uzyskania Twojej zgody.<\/p>\n\n\n\n<p>3.1. Aby dostarczy\u0107 Ci informacje o us\u0142ugach i innych dzia\u0142aniach ALIDES oraz lepiej dostosowa\u0107 je do Twoich potrzeb i oczekiwa\u0144.<\/p>\n\n\n\n<p>3.2. Aby nawi\u0105za\u0107 relacj\u0119 biznesow\u0105 i\/lub zawodow\u0105 z Tob\u0105 lub Twoj\u0105 firm\u0105 oraz aby prawid\u0142owo realizowa\u0107 umow\u0119, kt\u00f3r\u0105 z nami zawierasz.<\/p>\n\n\n\n<p>3.3. Aby zaprasza\u0107 Ci\u0119 na wydarzenia i wysy\u0142a\u0107 newslettery.<\/p>\n\n\n\n<p>3.4. Aby spe\u0142nia\u0107 nasze obowi\u0105zki prawne (w tym przetwarzanie ksi\u0119gowe, zobowi\u0105zania podatkowe i obowi\u0105zki wynikaj\u0105ce z nakaz\u00f3w s\u0105dowych lub innych obowi\u0105zuj\u0105cych przepis\u00f3w prawa).<\/p>\n\n\n\n<p>Na jakiej podstawie przetwarzamy dane? <\/p>\n\n\n\n<p>ALIDES opiera si\u0119 na r\u00f3\u017cnych podstawach prawnych w celu przetwarzania Twoich danych.<\/p>\n\n\n\n<p>ALIDES przetwarza Twoje dane osobowe po podpisaniu umowy, oferty, potwierdzenia zam\u00f3wienia lub zlecenia w celu przygotowania lub realizacji us\u0142ug.<\/p>\n\n\n\n<p>ALIDES mo\u017ce r\u00f3wnie\u017c poprosi\u0107 o Twoj\u0105 wyra\u017an\u0105 zgod\u0119 na przetwarzanie Twoich danych osobowych.<\/p>\n\n\n\n<p>Ponadto, w okre\u015blonych okoliczno\u015bciach, ALIDES mo\u017ce powo\u0142ywa\u0107 si\u0119 na uzasadniony interes.<\/p>\n\n\n\n<p>Je\u015bli nie chcesz, aby Twoje dane osobowe by\u0142y przetwarzane w tym kontek\u015bcie, nie b\u0119dziemy w stanie w pe\u0142ni \u015bwiadczy\u0107 naszych us\u0142ug.<\/p>\n\n\n\n<p>Komu mo\u017cemy udost\u0119pnia\u0107 Twoje dane? <\/p>\n\n\n\n<p>ALIDES mo\u017ce przekazywa\u0107 Twoje dane osobowe stronom trzecim, je\u015bli jest to niezb\u0119dne do realizacji us\u0142ug.<\/p>\n\n\n\n<p>Je\u015bli ALIDES przekazuje Twoje dane osobowe stronom trzecim, zawiera z tymi stronami umow\u0119 o przetwarzaniu danych, kt\u00f3ra okre\u015bla, \u017ce Twoje dane osobowe b\u0119d\u0105 traktowane poufnie i przetwarzane w spos\u00f3b bezpieczny. Mo\u017cliwe, \u017ce jedna lub wi\u0119cej z wymienionych stron trzecich znajduje si\u0119 poza Europejskim Obszarem Gospodarczym (\u201eEOG\u201d). Dane osobowe b\u0119d\u0105 przekazywane wy\u0142\u0105cznie do kraj\u00f3w trzecich, kt\u00f3re zapewniaj\u0105 odpowiedni poziom ochrony.<\/p>\n\n\n\n<p>Mo\u017cemy r\u00f3wnie\u017c udost\u0119pnia\u0107 Twoje dane osobowe naszym powi\u0105zanym sp\u00f3\u0142kom. W tym celu zawarli\u015bmy z tymi sp\u00f3\u0142kami umow\u0119 o wymianie danych wewn\u0105trz grupy.<\/p>\n\n\n\n<p>Poufno\u015b\u0107 Twoich danych jest dla nas wa\u017cna, dlatego wymieniamy dane osobowe wy\u0142\u0105cznie za pomoc\u0105 maksymalnie zabezpieczonych metod elektronicznych. Twoje dane nigdy nie b\u0119d\u0105 handlowane, sprzedawane, wynajmowane ani przekazywane stronom trzecim lub nie-przetwarzaj\u0105cym bez prawnego obowi\u0105zku.<\/p>\n\n\n\n<p>Jak d\u0142ugo przechowujemy Twoje dane osobowe? <\/p>\n\n\n\n<p>Dane osobowe b\u0119d\u0105 przechowywane i przetwarzane przez ALIDES przez okres niezb\u0119dny do realizacji cel\u00f3w przetwarzania oraz w odniesieniu do relacji kontraktowej mi\u0119dzy ALIDES a Tob\u0105. Uwzgl\u0119dniane s\u0105 przy tym odpowiednie wymagania prawne i regulacyjne dotycz\u0105ce przechowywania danych.<\/p>\n\n\n\n<p>Mo\u017cemy je r\u00f3wnie\u017c przechowywa\u0107 w celu spe\u0142nienia naszych obowi\u0105zk\u00f3w prawnych, odpowiedzi na zapytania oraz rozwi\u0105zywania ewentualnych spor\u00f3w, w celu realizacji naszych uzasadnionych interes\u00f3w oraz egzekwowania naszych praw.<\/p>\n\n\n\n<p>Odpowiednie \u015brodki techniczne i organizacyjne ALIDES wdro\u017cy\u0142a odpowiednie \u015brodki techniczne i organizacyjne w zakresie bezpiecze\u0144stwa, aby w miar\u0119 mo\u017cliwo\u015bci unikn\u0105\u0107 zniszczenia, utraty, fa\u0142szowania, zmian, nieuprawnionego dost\u0119pu lub przypadkowego ujawnienia danych osobowych osobom trzecim, a tak\u017ce wszelkich innych nieuprawnionych przetwarzania tych danych.<\/p>\n\n\n\n<p>W \u017cadnym przypadku ALIDES nie mo\u017ce by\u0107 poci\u0105gni\u0119ta do odpowiedzialno\u015bci za jakiekolwiek bezpo\u015brednie lub po\u015brednie szkody wynikaj\u0105ce z niew\u0142a\u015bciwego lub niezgodnego z prawem wykorzystania danych osobowych przez osob\u0119 trzeci\u0105.<\/p>\n\n\n\n<p>ALIDES nie mo\u017ce zosta\u0107 poci\u0105gni\u0119ta do odpowiedzialno\u015bci za utrat\u0119, kradzie\u017c lub nieuprawnione u\u017cycie danych uwierzytelniaj\u0105cych (identyfikatora u\u017cytkownika i\/lub has\u0142a) w wyniku nieprzestrzegania niniejszej polityki prywatno\u015bci przez klienta, w szczeg\u00f3lno\u015bci przez jego nieuprawnione ujawnienie.<\/p>\n\n\n\n<p>Twoje prawa jako Podmiotu danych 8.1. Prawo dost\u0119pu Masz prawo dost\u0119pu do swoich danych osobowych, a tak\u017ce do informacji dotycz\u0105cych celu przetwarzania, kategorii przetwarzanych danych osobowych, kategorii odbiorc\u00f3w, kt\u00f3rym dane zosta\u0142y przekazane, okresu przechowywania, podstawy przetwarzania, pochodzenia danych oraz, w stosownych przypadkach, logiki algorytmu w przypadku zautomatyzowanego przetwarzania danych.<\/p>\n\n\n\n<p>8.2. Prawo do poprawienia Masz prawo do poprawienia b\u0142\u0119dnych danych osobowych, a tak\u017ce do uzupe\u0142nienia niekompletnych danych.<\/p>\n\n\n\n<p>8.3. Prawo do usuni\u0119cia Masz prawo do usuni\u0119cia swoich danych osobowych, pod warunkiem \u017ce:<\/p>\n\n\n\n<p>Dane osobowe nie s\u0105 ju\u017c potrzebne do cel\u00f3w, w kt\u00f3rych zosta\u0142y zebrane. Wycofasz swoj\u0105 zgod\u0119, a przetwarzanie danych nie opiera si\u0119 na innej podstawie prawnej. Sprzeciwiasz si\u0119 przetwarzaniu i nie istniej\u0105 nadrz\u0119dne uzasadnione podstawy przetwarzania. Twoje dane osobowe by\u0142y przetwarzane niezgodnie z prawem. Twoje dane osobowe musz\u0105 zosta\u0107 usuni\u0119te w celu wype\u0142nienia obowi\u0105zku prawnego. 8.4. Prawo do ograniczenia przetwarzania Masz prawo do ograniczenia przetwarzania danych osobowych, gdy:<\/p>\n\n\n\n<p>Korzystasz z prawa do poprawienia, przez okres pozwalaj\u0105cy nam na weryfikacj\u0119 poprawno\u015bci danych. Przetwarzanie jest niezgodne z prawem i sprzeciwiasz si\u0119 usuni\u0119ciu danych osobowych, \u017c\u0105daj\u0105c w zamian ograniczenia ich u\u017cycia. Twoje dane osobowe nie s\u0105 ju\u017c potrzebne do cel\u00f3w przetwarzania, ale s\u0105 potrzebne do ustalenia, dochodzenia lub obrony roszcze\u0144 prawnych. Sprzeciwiasz si\u0119 przetwarzaniu, czekaj\u0105c na weryfikacj\u0119, czy nasze prawnie uzasadnione podstawy przewa\u017caj\u0105 nad Twoimi uzasadnionymi podstawami. 8.5. Prawo do przenoszenia danych Masz prawo do otrzymania swoich danych osobowych w ustrukturyzowanym, powszechnie u\u017cywanym formacie nadaj\u0105cym si\u0119 do odczytu maszynowego oraz do przes\u0142ania tych danych innemu administratorowi danych, pod warunkiem \u017ce:<\/p>\n\n\n\n<p>Przetwarzanie opiera si\u0119 na zgodzie lub na umowie. Przetwarzanie odbywa si\u0119 w spos\u00f3b zautomatyzowany. 8.6. Prawo do sprzeciwu Masz prawo w dowolnym momencie sprzeciwi\u0107 si\u0119 przetwarzaniu swoich danych osobowych ze wzgl\u0119du na swoj\u0105 szczeg\u00f3ln\u0105 sytuacj\u0119, je\u017celi:<\/p>\n\n\n\n<p>Przetwarzanie odbywa si\u0119 na podstawie uzasadnionego interesu ALIDES (w tym profilowania). Przetwarzanie odbywa si\u0119 na potrzeby marketingu bezpo\u015bredniego. ALIDES przestanie przetwarza\u0107 dane osobowe, chyba \u017ce wykazemy wa\u017cne, uzasadnione podstawy do przetwarzania, kt\u00f3re przewa\u017caj\u0105 nad Twoimi interesami, prawami i wolno\u015bciami lub do ustalenia, dochodzenia lub obrony roszcze\u0144 prawnych.<\/p>\n\n\n\n<p>Je\u015bli chcesz skorzysta\u0107 z jednego z powy\u017cszych praw, skontaktuj si\u0119 z nami za po\u015brednictwem adresu e-mail <a>privacy@alides.eu<\/a> lub telefonicznie pod numerem +32 9 240 20 00. Twoje \u017c\u0105danie zostanie rozpatrzone bez zb\u0119dnej zw\u0142oki, a w ka\u017cdym przypadku w ci\u0105gu jednego miesi\u0105ca od jego otrzymania.<\/p>\n\n\n\n<p>Je\u017celi masz uwagi dotycz\u0105ce przetwarzania Twoich danych osobowych, masz prawo z\u0142o\u017cy\u0107 skarg\u0119 do belgijskiego Urz\u0119du Ochrony Danych Osobowych.<\/p>\n\n\n\n<p>Zmiany w niniejszej polityce prywatno\u015bci ALIDES zastrzega sobie prawo do zmiany niniejszej polityki prywatno\u015bci. Zmiany b\u0119d\u0105 opublikowane na naszej stronie internetowej.<\/p>\n\n\n\n<p>Niniejsza polityka prywatno\u015bci by\u0142a ostatnio zaktualizowana dnia 1 stycznia 2024 r.<\/p>","protected":false},"excerpt":{"rendered":"<p>Niniejsza polityka prywatno\u015bci dotyczy us\u0142ug \u015bwiadczonych przez ALIDES REIM NV, z siedzib\u0105 pod adresem Foreestelaan 86\/201, 9000 Gent, numer przedsi\u0119biorstwa BE0478.405.285, reprezentowan\u0105 prawnie przez bv Real Value Management, reprezentowan\u0105 przez pana Rikkerta Leemana, CEO i Przewodnicz\u0105cego Komitetu Zarz\u0105dzaj\u0105cego, oraz przez bv HLSC, reprezentowan\u0105 przez pana Henka Cardona, CFO i Cz\u0142onka Komitetu Zarz\u0105dzaj\u0105cego (\u201eALIDES\u201d). ALIDES REIM [&hellip;]<\/p>\n","protected":false},"author":1,"featured_media":0,"parent":0,"menu_order":0,"comment_status":"closed","ping_status":"open","template":"","meta":{"footnotes":""},"class_list":["post-3","page","type-page","status-publish","hentry"],"yoast_head":"<!-- This site is optimized with the Yoast SEO plugin v27.2 - https:\/\/yoast.com\/product\/yoast-seo-wordpress\/ -->\n<title>Polityka prywatno\u015bci - Alides<\/title>\n<meta name=\"robots\" content=\"index, follow, max-snippet:-1, max-image-preview:large, max-video-preview:-1\" \/>\n<link rel=\"canonical\" href=\"https:\/\/alides.pl\/en\/polityka-prywatnosci\/\" \/>\n<meta property=\"og:locale\" content=\"en_GB\" \/>\n<meta property=\"og:type\" content=\"article\" \/>\n<meta property=\"og:title\" content=\"Polityka prywatno\u015bci - Alides\" \/>\n<meta property=\"og:description\" content=\"Niniejsza polityka prywatno\u015bci dotyczy us\u0142ug \u015bwiadczonych przez ALIDES REIM NV, z siedzib\u0105 pod adresem Foreestelaan 86\/201, 9000 Gent, numer przedsi\u0119biorstwa BE0478.405.285, reprezentowan\u0105 prawnie przez bv Real Value Management, reprezentowan\u0105 przez pana Rikkerta Leemana, CEO i Przewodnicz\u0105cego Komitetu Zarz\u0105dzaj\u0105cego, oraz przez bv HLSC, reprezentowan\u0105 przez pana Henka Cardona, CFO i Cz\u0142onka Komitetu Zarz\u0105dzaj\u0105cego (\u201eALIDES\u201d). ALIDES REIM [&hellip;]\" \/>\n<meta property=\"og:url\" content=\"https:\/\/alides.pl\/en\/polityka-prywatnosci\/\" \/>\n<meta property=\"og:site_name\" content=\"Alides\" \/>\n<meta property=\"article:modified_time\" content=\"2024-07-03T07:17:11+00:00\" \/>\n<meta name=\"twitter:card\" content=\"summary_large_image\" \/>\n<meta name=\"twitter:label1\" content=\"Estimated reading time\" \/>\n\t<meta name=\"twitter:data1\" content=\"9 minutes\" \/>\n<script type=\"application\/ld+json\" class=\"yoast-schema-graph\">{\"@context\":\"https:\/\/schema.org\",\"@graph\":[{\"@type\":\"WebPage\",\"@id\":\"https:\/\/alides.pl\/polityka-prywatnosci\/\",\"url\":\"https:\/\/alides.pl\/polityka-prywatnosci\/\",\"name\":\"Polityka prywatno\u015bci - Alides\",\"isPartOf\":{\"@id\":\"https:\/\/alides.pl\/#website\"},\"datePublished\":\"2024-05-06T16:18:33+00:00\",\"dateModified\":\"2024-07-03T07:17:11+00:00\",\"breadcrumb\":{\"@id\":\"https:\/\/alides.pl\/polityka-prywatnosci\/#breadcrumb\"},\"inLanguage\":\"en-GB\",\"potentialAction\":[{\"@type\":\"ReadAction\",\"target\":[\"https:\/\/alides.pl\/polityka-prywatnosci\/\"]}]},{\"@type\":\"BreadcrumbList\",\"@id\":\"https:\/\/alides.pl\/polityka-prywatnosci\/#breadcrumb\",\"itemListElement\":[{\"@type\":\"ListItem\",\"position\":1,\"name\":\"Home\",\"item\":\"https:\/\/alides.pl\/\"},{\"@type\":\"ListItem\",\"position\":2,\"name\":\"Polityka prywatno\u015bci\"}]},{\"@type\":\"WebSite\",\"@id\":\"https:\/\/alides.pl\/#website\",\"url\":\"https:\/\/alides.pl\/\",\"name\":\"Alides l Your Partner in Real Estate\",\"description\":\"Your Partner in Real Estate\",\"publisher\":{\"@id\":\"https:\/\/alides.pl\/#organization\"},\"potentialAction\":[{\"@type\":\"SearchAction\",\"target\":{\"@type\":\"EntryPoint\",\"urlTemplate\":\"https:\/\/alides.pl\/?s={search_term_string}\"},\"query-input\":{\"@type\":\"PropertyValueSpecification\",\"valueRequired\":true,\"valueName\":\"search_term_string\"}}],\"inLanguage\":\"en-GB\"},{\"@type\":\"Organization\",\"@id\":\"https:\/\/alides.pl\/#organization\",\"name\":\"Alides Polska\",\"url\":\"https:\/\/alides.pl\/\",\"logo\":{\"@type\":\"ImageObject\",\"inLanguage\":\"en-GB\",\"@id\":\"https:\/\/alides.pl\/#\/schema\/logo\/image\/\",\"url\":\"https:\/\/alides.pl\/wp-content\/uploads\/2024\/11\/alides-logo-full-color-rgb-900px-w-72ppi.png\",\"contentUrl\":\"https:\/\/alides.pl\/wp-content\/uploads\/2024\/11\/alides-logo-full-color-rgb-900px-w-72ppi.png\",\"width\":900,\"height\":268,\"caption\":\"Alides Polska\"},\"image\":{\"@id\":\"https:\/\/alides.pl\/#\/schema\/logo\/image\/\"}}]}<\/script>\n<!-- \/ Yoast SEO plugin. -->","yoast_head_json":{"title":"Polityka prywatno\u015bci - Alides","robots":{"index":"index","follow":"follow","max-snippet":"max-snippet:-1","max-image-preview":"max-image-preview:large","max-video-preview":"max-video-preview:-1"},"canonical":"https:\/\/alides.pl\/en\/polityka-prywatnosci\/","og_locale":"en_GB","og_type":"article","og_title":"Polityka prywatno\u015bci - Alides","og_description":"Niniejsza polityka prywatno\u015bci dotyczy us\u0142ug \u015bwiadczonych przez ALIDES REIM NV, z siedzib\u0105 pod adresem Foreestelaan 86\/201, 9000 Gent, numer przedsi\u0119biorstwa BE0478.405.285, reprezentowan\u0105 prawnie przez bv Real Value Management, reprezentowan\u0105 przez pana Rikkerta Leemana, CEO i Przewodnicz\u0105cego Komitetu Zarz\u0105dzaj\u0105cego, oraz przez bv HLSC, reprezentowan\u0105 przez pana Henka Cardona, CFO i Cz\u0142onka Komitetu Zarz\u0105dzaj\u0105cego (\u201eALIDES\u201d). ALIDES REIM [&hellip;]","og_url":"https:\/\/alides.pl\/en\/polityka-prywatnosci\/","og_site_name":"Alides","article_modified_time":"2024-07-03T07:17:11+00:00","twitter_card":"summary_large_image","twitter_misc":{"Estimated reading time":"9 minutes"},"schema":{"@context":"https:\/\/schema.org","@graph":[{"@type":"WebPage","@id":"https:\/\/alides.pl\/polityka-prywatnosci\/","url":"https:\/\/alides.pl\/polityka-prywatnosci\/","name":"Polityka prywatno\u015bci - Alides","isPartOf":{"@id":"https:\/\/alides.pl\/#website"},"datePublished":"2024-05-06T16:18:33+00:00","dateModified":"2024-07-03T07:17:11+00:00","breadcrumb":{"@id":"https:\/\/alides.pl\/polityka-prywatnosci\/#breadcrumb"},"inLanguage":"en-GB","potentialAction":[{"@type":"ReadAction","target":["https:\/\/alides.pl\/polityka-prywatnosci\/"]}]},{"@type":"BreadcrumbList","@id":"https:\/\/alides.pl\/polityka-prywatnosci\/#breadcrumb","itemListElement":[{"@type":"ListItem","position":1,"name":"Home","item":"https:\/\/alides.pl\/"},{"@type":"ListItem","position":2,"name":"Polityka prywatno\u015bci"}]},{"@type":"WebSite","@id":"https:\/\/alides.pl\/#website","url":"https:\/\/alides.pl\/","name":"Alides l Your Partner in Real Estate","description":"Your Partner in Real Estate","publisher":{"@id":"https:\/\/alides.pl\/#organization"},"potentialAction":[{"@type":"SearchAction","target":{"@type":"EntryPoint","urlTemplate":"https:\/\/alides.pl\/?s={search_term_string}"},"query-input":{"@type":"PropertyValueSpecification","valueRequired":true,"valueName":"search_term_string"}}],"inLanguage":"en-GB"},{"@type":"Organization","@id":"https:\/\/alides.pl\/#organization","name":"Alides Polska","url":"https:\/\/alides.pl\/","logo":{"@type":"ImageObject","inLanguage":"en-GB","@id":"https:\/\/alides.pl\/#\/schema\/logo\/image\/","url":"https:\/\/alides.pl\/wp-content\/uploads\/2024\/11\/alides-logo-full-color-rgb-900px-w-72ppi.png","contentUrl":"https:\/\/alides.pl\/wp-content\/uploads\/2024\/11\/alides-logo-full-color-rgb-900px-w-72ppi.png","width":900,"height":268,"caption":"Alides Polska"},"image":{"@id":"https:\/\/alides.pl\/#\/schema\/logo\/image\/"}}]}},"_links":{"self":[{"href":"https:\/\/alides.pl\/en\/wp-json\/wp\/v2\/pages\/3","targetHints":{"allow":["GET"]}}],"collection":[{"href":"https:\/\/alides.pl\/en\/wp-json\/wp\/v2\/pages"}],"about":[{"href":"https:\/\/alides.pl\/en\/wp-json\/wp\/v2\/types\/page"}],"author":[{"embeddable":true,"href":"https:\/\/alides.pl\/en\/wp-json\/wp\/v2\/users\/1"}],"replies":[{"embeddable":true,"href":"https:\/\/alides.pl\/en\/wp-json\/wp\/v2\/comments?post=3"}],"version-history":[{"count":1,"href":"https:\/\/alides.pl\/en\/wp-json\/wp\/v2\/pages\/3\/revisions"}],"predecessor-version":[{"id":611,"href":"https:\/\/alides.pl\/en\/wp-json\/wp\/v2\/pages\/3\/revisions\/611"}],"wp:attachment":[{"href":"https:\/\/alides.pl\/en\/wp-json\/wp\/v2\/media?parent=3"}],"curies":[{"name":"wp","href":"https:\/\/api.w.org\/{rel}","templated":true}]}}